{"id":5863,"date":"2022-12-02T17:24:36","date_gmt":"2022-12-02T16:24:36","guid":{"rendered":"https:\/\/deco.bio\/?post_type=product&#038;p=5863"},"modified":"2024-10-21T10:34:58","modified_gmt":"2024-10-21T08:34:58","slug":"olio-biologico-bottiglie-da-500-ml","status":"publish","type":"product","link":"https:\/\/deco.bio\/en\/product\/olio-biologico-bottiglie-da-500-ml\/","title":{"rendered":"500 ml bottle - organic oil"},"content":{"rendered":"<div class=\"flex-shrink-0 flex flex-col relative items-end\">\n<div>\n<div class=\"pt-0\">\n<div class=\"gizmo-bot-avatar flex h-8 w-8 items-center justify-center overflow-hidden rounded-full\">\n<div class=\"relative p-1 rounded-sm flex items-center justify-center bg-token-main-surface-primary text-token-text-primary h-8 w-8\">Le <strong>bottiglie da 500ml<\/strong> di DeCO sono la scelta ideale per chi cerca un <strong>olio biologico<\/strong> extravergine di alta qualit\u00e0. Questa confezione contiene sei bottiglie da 500ml, offrendo un modo pratico e conveniente per gustare un olio di eccellenza. L&#8217;olio \u00e8 ottenuto esclusivamente da <strong>olive Monocultivar Coratina<\/strong>, rinomate per l&#8217;alta concentrazione di <strong>polifenoli<\/strong>, potenti antiossidanti che donano all&#8217;olio un sapore intenso e caratteristico, con note di amaro e piccantezza.<\/div>\n<\/div>\n<\/div>\n<\/div>\n<\/div>\n<div class=\"group\/conversation-turn relative flex w-full min-w-0 flex-col agent-turn\">\n<div class=\"flex-col gap-1 md:gap-3\">\n<div class=\"flex max-w-full flex-col flex-grow\">\n<div class=\"min-h-8 text-message flex w-full flex-col items-end gap-2 whitespace-normal break-words [.text-message+&amp;]:mt-5\" dir=\"auto\" data-message-author-role=\"assistant\" data-message-id=\"52bd8f77-a19e-47ac-ab00-42143db1413f\" data-message-model-slug=\"gpt-4o-mini\">\n<div class=\"flex w-full flex-col gap-1 empty:hidden first:pt-[3px]\">\n<div class=\"markdown prose w-full break-words dark:prose-invert light\">\n<p>L&#8217;<strong>olio biologico<\/strong> di DeCO si distingue per il suo gusto ricco e fruttato, perfetto per essere utilizzato a crudo. \u00c8 ideale per arricchire insalate, bruschette e piatti gourmet. Ogni goccia racconta la tradizione olearia pugliese, esprimendo la dedizione dell&#8217;azienda alla qualit\u00e0 e alla sostenibilit\u00e0. Utilizzando questo olio, puoi elevare il sapore di qualsiasi piatto, facendo la differenza in cucina.<\/p>\n<p>DeCO si impegna a rispettare le tradizioni locali e la biodiversit\u00e0 della Puglia, regione di origine di questo olio pregiato. Ogni oliva \u00e8 raccolta a mano, garantendo una cura meticolosa in ogni fase del processo produttivo. Inoltre, l&#8217;olio \u00e8 certificato biologico dall&#8217;organismo di controllo MIPAAF IT-BIO-006, assicurando l&#8217;assenza di sostanze chimiche nocive e offrendo cos\u00ec un prodotto sano e genuino.<\/p>\n<p>Scegliere le bottiglie da 500ml di DeCO significa optare per un <strong>olio biologico<\/strong> di alta qualit\u00e0, perfetto per ogni tipo di cucina. Che si tratti di condire piatti freschi o di utilizzarlo in ricette pi\u00f9 elaborate, questo olio porta autenticit\u00e0 e sapore. Approfitta della spedizione gratuita per ordini superiori a 100\u20ac e porta in tavola il vero sapore della tradizione olearia pugliese con DeCO! Questo olio \u00e8 un must per chi ama la buona cucina e desidera utilizzare ingredienti sani e sostenibili.<\/p>\n<\/div>\n<\/div>\n<\/div>\n<\/div>\n<\/div>\n<\/div>\n","protected":false},"excerpt":{"rendered":"<p style=\"text-align: justify; margin-bottom: 20px; line-height: 1.6em;\"><strong>Product content:<\/strong> 6 500ml bottles<\/p>\n<p style=\"text-align: justify; margin-bottom: 20px; line-height: 1.6em;\"><strong>Olive varieties:<\/strong> <em>Monocultivar Coratina<\/em>.<br \/>\nA type of olive with a very high concentration of polyphenols, powerful antioxidants that give the oil its bitter and spicy taste.<\/p>\n<p style=\"text-align: justify; margin-bottom: 20px; line-height: 1.6em;\" class=\"translation-block\"><strong>Type:<\/strong> <em>Organic extra virgin olive oil.<\/em><br> Control body authorised by MIPAAF IT-BIO-006. Italian Agriculture Controlled Operator No. PB1929.<\/p>\n<p style=\"text-align: justify; margin-bottom: 20px; line-height: 1.6em;\"><strong>Personality:<\/strong> With its intense flavour and persistent fruitiness, its strong taste makes it the ideal oil for use in cooking.<\/p>\n<p style=\"text-align: justify; margin-bottom: 40px; line-height: 1.6em;\"><strong>Features:<\/strong> The 500ml bottle features a tamper-proof cap in line with current regulations and a stain-proof label.<\/p>\n<p style=\"text-align: left; margin-bottom: 40px; line-height: 1.6em;\"><strong>&gt; Shipping is free for orders over 100\u20ac.<\/strong><\/p>","protected":false},"featured_media":5991,"template":"","meta":[],"product_cat":[25],"product_tag":[],"class_list":["post-5863","product","type-product","status-publish","has-post-thumbnail","hentry","product_cat-prodotti","product_shipping_class-29"],"yoast_head":"<!-- This site is optimized with the Yoast SEO plugin v23.0 - https:\/\/yoast.com\/wordpress\/plugins\/seo\/ -->\n<title>Olio biologico DeCo: 6 bottiglie da 500ml - Deco.bio<\/title>\n<meta name=\"description\" content=\"Acquista l&#039;Olio biologico extravergine di Oliva Monocultivar Coratina della Societ\u00e0 Agricola Biologica D\u00e9co. Nella versione da sei Bottiglie da 500ml l&#039;una.\" \/>\n<meta name=\"robots\" content=\"index, follow, max-snippet:-1, max-image-preview:large, max-video-preview:-1\" \/>\n<link rel=\"canonical\" href=\"https:\/\/deco.bio\/en\/product\/olio-biologico-bottiglie-da-500-ml\/\" \/>\n<meta property=\"og:locale\" content=\"en_US\" \/>\n<meta property=\"og:type\" content=\"article\" \/>\n<meta property=\"og:title\" content=\"Olio biologico DeCo: 6 bottiglie da 500ml - Deco.bio\" \/>\n<meta property=\"og:description\" content=\"Acquista l&#039;Olio biologico extravergine di Oliva Monocultivar Coratina della Societ\u00e0 Agricola Biologica D\u00e9co. Nella versione da sei Bottiglie da 500ml l&#039;una.\" \/>\n<meta property=\"og:url\" content=\"https:\/\/deco.bio\/en\/product\/olio-biologico-bottiglie-da-500-ml\/\" \/>\n<meta property=\"og:site_name\" content=\"Deco.bio\" \/>\n<meta property=\"article:modified_time\" content=\"2024-10-21T08:34:58+00:00\" \/>\n<meta property=\"og:image\" content=\"https:\/\/deco.bio\/wp-content\/uploads\/2022\/12\/Deco-packaging-500-e-commerce.png\" \/>\n\t<meta property=\"og:image:width\" content=\"800\" \/>\n\t<meta property=\"og:image:height\" content=\"800\" \/>\n\t<meta property=\"og:image:type\" content=\"image\/png\" \/>\n<meta name=\"twitter:card\" content=\"summary_large_image\" \/>\n<meta name=\"twitter:label1\" content=\"Est. reading time\" \/>\n\t<meta name=\"twitter:data1\" content=\"2 minutes\" \/>\n<script type=\"application\/ld+json\" class=\"yoast-schema-graph\">{\"@context\":\"https:\/\/schema.org\",\"@graph\":[{\"@type\":\"WebPage\",\"@id\":\"https:\/\/deco.bio\/prodotto\/olio-biologico-bottiglie-da-500-ml\/\",\"url\":\"https:\/\/deco.bio\/prodotto\/olio-biologico-bottiglie-da-500-ml\/\",\"name\":\"Olio biologico DeCo: 6 bottiglie da 500ml - Deco.bio\",\"isPartOf\":{\"@id\":\"https:\/\/deco.bio\/#website\"},\"primaryImageOfPage\":{\"@id\":\"https:\/\/deco.bio\/prodotto\/olio-biologico-bottiglie-da-500-ml\/#primaryimage\"},\"image\":{\"@id\":\"https:\/\/deco.bio\/prodotto\/olio-biologico-bottiglie-da-500-ml\/#primaryimage\"},\"thumbnailUrl\":\"https:\/\/deco.bio\/wp-content\/uploads\/2022\/12\/Deco-packaging-500-e-commerce.png\",\"datePublished\":\"2022-12-02T16:24:36+00:00\",\"dateModified\":\"2024-10-21T08:34:58+00:00\",\"description\":\"Acquista l'Olio biologico extravergine di Oliva Monocultivar Coratina della Societ\u00e0 Agricola Biologica D\u00e9co. Nella versione da sei Bottiglie da 500ml l'una.\",\"breadcrumb\":{\"@id\":\"https:\/\/deco.bio\/prodotto\/olio-biologico-bottiglie-da-500-ml\/#breadcrumb\"},\"inLanguage\":\"en-US\",\"potentialAction\":[{\"@type\":\"ReadAction\",\"target\":[\"https:\/\/deco.bio\/prodotto\/olio-biologico-bottiglie-da-500-ml\/\"]}]},{\"@type\":\"ImageObject\",\"inLanguage\":\"en-US\",\"@id\":\"https:\/\/deco.bio\/prodotto\/olio-biologico-bottiglie-da-500-ml\/#primaryimage\",\"url\":\"https:\/\/deco.bio\/wp-content\/uploads\/2022\/12\/Deco-packaging-500-e-commerce.png\",\"contentUrl\":\"https:\/\/deco.bio\/wp-content\/uploads\/2022\/12\/Deco-packaging-500-e-commerce.png\",\"width\":800,\"height\":800,\"caption\":\"Acquista 6 bottiglie di Olio extravergine di Oliva Monocultivar Coratina da 500ml - DECO\"},{\"@type\":\"BreadcrumbList\",\"@id\":\"https:\/\/deco.bio\/prodotto\/olio-biologico-bottiglie-da-500-ml\/#breadcrumb\",\"itemListElement\":[{\"@type\":\"ListItem\",\"position\":1,\"name\":\"Home\",\"item\":\"https:\/\/deco.bio\/\"},{\"@type\":\"ListItem\",\"position\":2,\"name\":\"Shop\",\"item\":\"https:\/\/deco.bio\/negozio\/\"},{\"@type\":\"ListItem\",\"position\":3,\"name\":\"Bottiglie da 500ml &#8211; olio biologico\"}]},{\"@type\":\"WebSite\",\"@id\":\"https:\/\/deco.bio\/#website\",\"url\":\"https:\/\/deco.bio\/\",\"name\":\"Deco.bio\",\"description\":\"| Olio Extravergine di Oliva Monocultivar Coratina Biologico\",\"potentialAction\":[{\"@type\":\"SearchAction\",\"target\":{\"@type\":\"EntryPoint\",\"urlTemplate\":\"https:\/\/deco.bio\/?s={search_term_string}\"},\"query-input\":\"required name=search_term_string\"}],\"inLanguage\":\"en-US\"}]}<\/script>\n<!-- \/ Yoast SEO plugin. -->","yoast_head_json":{"title":"Olio biologico DeCo: 6 bottiglie da 500ml - Deco.bio","description":"Acquista l'Olio biologico extravergine di Oliva Monocultivar Coratina della Societ\u00e0 Agricola Biologica D\u00e9co. Nella versione da sei Bottiglie da 500ml l'una.","robots":{"index":"index","follow":"follow","max-snippet":"max-snippet:-1","max-image-preview":"max-image-preview:large","max-video-preview":"max-video-preview:-1"},"canonical":"https:\/\/deco.bio\/en\/product\/olio-biologico-bottiglie-da-500-ml\/","og_locale":"en_US","og_type":"article","og_title":"Olio biologico DeCo: 6 bottiglie da 500ml - Deco.bio","og_description":"Acquista l'Olio biologico extravergine di Oliva Monocultivar Coratina della Societ\u00e0 Agricola Biologica D\u00e9co. Nella versione da sei Bottiglie da 500ml l'una.","og_url":"https:\/\/deco.bio\/en\/product\/olio-biologico-bottiglie-da-500-ml\/","og_site_name":"Deco.bio","article_modified_time":"2024-10-21T08:34:58+00:00","og_image":[{"width":800,"height":800,"url":"https:\/\/deco.bio\/wp-content\/uploads\/2022\/12\/Deco-packaging-500-e-commerce.png","type":"image\/png"}],"twitter_card":"summary_large_image","twitter_misc":{"Est. reading time":"2 minutes"},"schema":{"@context":"https:\/\/schema.org","@graph":[{"@type":"WebPage","@id":"https:\/\/deco.bio\/prodotto\/olio-biologico-bottiglie-da-500-ml\/","url":"https:\/\/deco.bio\/prodotto\/olio-biologico-bottiglie-da-500-ml\/","name":"Olio biologico DeCo: 6 bottiglie da 500ml - Deco.bio","isPartOf":{"@id":"https:\/\/deco.bio\/#website"},"primaryImageOfPage":{"@id":"https:\/\/deco.bio\/prodotto\/olio-biologico-bottiglie-da-500-ml\/#primaryimage"},"image":{"@id":"https:\/\/deco.bio\/prodotto\/olio-biologico-bottiglie-da-500-ml\/#primaryimage"},"thumbnailUrl":"https:\/\/deco.bio\/wp-content\/uploads\/2022\/12\/Deco-packaging-500-e-commerce.png","datePublished":"2022-12-02T16:24:36+00:00","dateModified":"2024-10-21T08:34:58+00:00","description":"Acquista l'Olio biologico extravergine di Oliva Monocultivar Coratina della Societ\u00e0 Agricola Biologica D\u00e9co. Nella versione da sei Bottiglie da 500ml l'una.","breadcrumb":{"@id":"https:\/\/deco.bio\/prodotto\/olio-biologico-bottiglie-da-500-ml\/#breadcrumb"},"inLanguage":"en-US","potentialAction":[{"@type":"ReadAction","target":["https:\/\/deco.bio\/prodotto\/olio-biologico-bottiglie-da-500-ml\/"]}]},{"@type":"ImageObject","inLanguage":"en-US","@id":"https:\/\/deco.bio\/prodotto\/olio-biologico-bottiglie-da-500-ml\/#primaryimage","url":"https:\/\/deco.bio\/wp-content\/uploads\/2022\/12\/Deco-packaging-500-e-commerce.png","contentUrl":"https:\/\/deco.bio\/wp-content\/uploads\/2022\/12\/Deco-packaging-500-e-commerce.png","width":800,"height":800,"caption":"Acquista 6 bottiglie di Olio extravergine di Oliva Monocultivar Coratina da 500ml - DECO"},{"@type":"BreadcrumbList","@id":"https:\/\/deco.bio\/prodotto\/olio-biologico-bottiglie-da-500-ml\/#breadcrumb","itemListElement":[{"@type":"ListItem","position":1,"name":"Home","item":"https:\/\/deco.bio\/"},{"@type":"ListItem","position":2,"name":"Shop","item":"https:\/\/deco.bio\/negozio\/"},{"@type":"ListItem","position":3,"name":"Bottiglie da 500ml &#8211; olio biologico"}]},{"@type":"WebSite","@id":"https:\/\/deco.bio\/#website","url":"https:\/\/deco.bio\/","name":"Deco.bio","description":"| Olio Extravergine di Oliva Monocultivar Coratina Biologico","potentialAction":[{"@type":"SearchAction","target":{"@type":"EntryPoint","urlTemplate":"https:\/\/deco.bio\/?s={search_term_string}"},"query-input":"required name=search_term_string"}],"inLanguage":"en-US"}]}},"_links":{"self":[{"href":"https:\/\/deco.bio\/en\/wp-json\/wp\/v2\/product\/5863","targetHints":{"allow":["GET"]}}],"collection":[{"href":"https:\/\/deco.bio\/en\/wp-json\/wp\/v2\/product"}],"about":[{"href":"https:\/\/deco.bio\/en\/wp-json\/wp\/v2\/types\/product"}],"wp:featuredmedia":[{"embeddable":true,"href":"https:\/\/deco.bio\/en\/wp-json\/wp\/v2\/media\/5991"}],"wp:attachment":[{"href":"https:\/\/deco.bio\/en\/wp-json\/wp\/v2\/media?parent=5863"}],"wp:term":[{"taxonomy":"product_cat","embeddable":true,"href":"https:\/\/deco.bio\/en\/wp-json\/wp\/v2\/product_cat?post=5863"},{"taxonomy":"product_tag","embeddable":true,"href":"https:\/\/deco.bio\/en\/wp-json\/wp\/v2\/product_tag?post=5863"}],"curies":[{"name":"wp","href":"https:\/\/api.w.org\/{rel}","templated":true}]}}